{"id":1279,"date":"2020-12-10T14:09:02","date_gmt":"2020-12-10T13:09:02","guid":{"rendered":"http:\/\/www2.korkland.it\/start2015\/?page_id=1279"},"modified":"2020-12-10T16:44:15","modified_gmt":"2020-12-10T15:44:15","slug":"wasistkork","status":"publish","type":"page","link":"https:\/\/www.korkland.it\/start2015\/wasistkork\/","title":{"rendered":"Was ist Kork"},"content":{"rendered":"<p><div class=\"fusion-fullwidth fullwidth-box fusion-builder-row-1 fusion-flex-container mass-responsive-section nonhundred-percent-fullwidth non-hundred-percent-height-scrolling\" style=\"background-color: #478861;background-position: left top;background-repeat: no-repeat;border-width: 0px 0px 0px 0px;border-color:#eae9e9;border-style:solid;\" id=\"section1\" ><div class=\"fusion-builder-row fusion-row fusion-flex-align-items-flex-start\" style=\"max-width:1216.8px;margin-left: calc(-4% \/ 2 );margin-right: calc(-4% \/ 2 );\"><div class=\"fusion-layout-column fusion_builder_column fusion-builder-column-0 fusion_builder_column_1_1 1_1 fusion-flex-column mass-intro\"><div class=\"fusion-column-wrapper fusion-flex-justify-content-flex-start fusion-content-layout-column\" style=\"background-position:left top;background-repeat:no-repeat;-webkit-background-size:cover;-moz-background-size:cover;-o-background-size:cover;background-size:cover;padding: 0px 15% 0px 15%;\"><div class=\"fusion-text fusion-text-1\"><div class=\"entry-header clearfix\">\n<div class=\"entry-title-left\">\n<div class=\"entry-title\">\n<p style=\"text-align: center;\"><span style=\"color: #ffffff;\"><i>Kork wurde bereits zu Zeiten der Griechen und R\u00f6mer als idealer Verschluss f\u00fcr Beh\u00e4lter (damals aus Steingut und Keramik) zur Lagerung von Wein und Oliven\u00f6l benutzt.<\/i><\/span><\/p>\n<\/div>\n<\/div>\n<\/div>\n<\/div><\/div><style type=\"text\/css\">.fusion-body .fusion-builder-column-0{width:100% !important;margin-top : 42px;margin-bottom : 20px;}.fusion-builder-column-0 > .fusion-column-wrapper {padding-top : 0px !important;padding-right : 15% !important;margin-right : 1.92%;padding-bottom : 0px !important;padding-left : 15% !important;margin-left : 1.92%;}@media only screen and (max-width:1024px) {.fusion-body .fusion-builder-column-0{width:100% !important;margin-bottom : 0px;}.fusion-builder-column-0 > .fusion-column-wrapper {padding-right : 60px !important;margin-right : 1.92%;padding-left : 60px !important;margin-left : 1.92%;}}@media only screen and (max-width:640px) {.fusion-body .fusion-builder-column-0{width:100% !important;}.fusion-builder-column-0 > .fusion-column-wrapper {padding-right : 40px !important;margin-right : 1.92%;padding-left : 40px !important;margin-left : 1.92%;}}<\/style><\/div><\/div><style type=\"text\/css\">.fusion-body .fusion-flex-container.fusion-builder-row-1{ padding-top : 3%;margin-top : 0px;padding-right : 0px;padding-bottom : 40px;margin-bottom : 0px;padding-left : 0px;}@media only screen and (max-width:640px) {.fusion-body .fusion-flex-container.fusion-builder-row-1{ padding-bottom : 20px;}}<\/style><\/div><div class=\"fusion-fullwidth fullwidth-box fusion-builder-row-2 fusion-flex-container mass-responsive-section nonhundred-percent-fullwidth non-hundred-percent-height-scrolling\" style=\"background-color: rgba(255,255,255,0);background-position: left top;background-repeat: no-repeat;border-width: 0px 0px 0px 0px;border-color:#eae9e9;border-style:solid;\" id=\"section1\" ><div class=\"fusion-builder-row fusion-row fusion-flex-align-items-flex-start\" style=\"max-width:1216.8px;margin-left: calc(-4% \/ 2 );margin-right: calc(-4% \/ 2 );\"><div class=\"fusion-layout-column fusion_builder_column fusion-builder-column-1 fusion_builder_column_1_1 1_1 fusion-flex-column mass-intro\"><div class=\"fusion-column-wrapper fusion-flex-justify-content-flex-start fusion-content-layout-column\" style=\"background-position:left top;background-repeat:no-repeat;-webkit-background-size:cover;-moz-background-size:cover;-o-background-size:cover;background-size:cover;padding: 0px 15% 0px 15%;\"><div class=\"fusion-text fusion-text-2\"><h2><b>Was ist Kork<\/b><\/h2>\n<p>Der wahre Siegeszug des Korken begann im 17. Jahrhundert mit der Industrialisierung und der Erzeugung von Glasflaschen. Belegt ist die Entstehung von Korkschneidereien im Spanischen Gerona um 1760, genauso wie die Ben\u00fctzung der Korken vom ber\u00fchmten Champagner-Erfinder Pater \u201eDom Perignon\u201c.<\/p>\n<p><a href=\"http:\/\/www2.korkland.it\/start2015\/wp-content\/uploads\/2017\/08\/kork-n1.jpg\"><img class=\"alignleft wp-image-173 size-medium\" src=\"http:\/\/www2.korkland.it\/start2015\/wp-content\/uploads\/2017\/08\/kork-n1-300x206.jpg\" alt=\"\" width=\"300\" height=\"206\" srcset=\"https:\/\/www.korkland.it\/start2015\/wp-content\/uploads\/2017\/08\/kork-n1-300x206.jpg 300w, https:\/\/www.korkland.it\/start2015\/wp-content\/uploads\/2017\/08\/kork-n1-768x528.jpg 768w, https:\/\/www.korkland.it\/start2015\/wp-content\/uploads\/2017\/08\/kork-n1-1024x704.jpg 1024w, https:\/\/www.korkland.it\/start2015\/wp-content\/uploads\/2017\/08\/kork-n1.jpg 1600w\" sizes=\"(max-width: 300px) 100vw, 300px\" \/><\/a><\/p>\n<p>Auch wenn die Korkeiche rund um das Mittelmeer zu finden ist, so sind die Hauptanbaugebiete Portugal, Spanien, S\u00fcdfrankreich, Italien, Marokko und Algerien, wobei Portugal \u00fcber die H\u00e4lfte der Welt-Ernte auf den Markt bringt.<\/p>\n<p>Durchschnittlich sind 20-25 Jahre nat\u00fcrliches Wachstum notwendig, bis die Rinde des Baumes eine Dicke von 35-40 mm erreicht hat und die Korkeiche zum ersten mal geerntet werden kann. Jedoch eignen sich erst die zweite und sp\u00e4teren Ernten (ca. alle 10 Jahre) f\u00fcr die Weinkork-Produktion. Auch heute noch ist das Absch\u00e4len und Sortieren eine anspruchsvolle Handarbeit. Der Rest wird ausschlie\u00dflich von Facharbeitern erledigt. Nur ca. ein Viertel der Produktion ist erstklassig gewachsener Kork. Der Rest wird zu Korkgranulat verarbeitet, welches f\u00fcr weitere Korkprodukte ben\u00f6tigt wird. In diesem Bereich sind auch die verschiedenen Typen des Verbundkorkens anzusiedeln.<\/p>\n<p>Kork ist die Rinde der Korkeiche (Quercus Suber). Diese besteht aus einer Zellenstruktur, die etwa 40 Mio. Zellen pro cm\u00b3 beinhaltet, wobei die Zellen mit einem luft\u00e4hnlichen Gas gef\u00fcllt sind; daher resultieren die au\u00dferordentlich guten Isolierwerte. Die Rinde w\u00e4chst mit dem Baum, wobei jedes Jahr durch die Umwandlung des Bastes (Tanin Rinde) eine neue Korkschicht entsteht. Deshalb sind die Jahrringe auf dem Kork ablesbar.<\/p>\n<\/div><\/div><style type=\"text\/css\">.fusion-body .fusion-builder-column-1{width:100% !important;margin-top : 42px;margin-bottom : 20px;}.fusion-builder-column-1 > .fusion-column-wrapper {padding-top : 0px !important;padding-right : 15% !important;margin-right : 1.92%;padding-bottom : 0px !important;padding-left : 15% !important;margin-left : 1.92%;}@media only screen and (max-width:1024px) {.fusion-body .fusion-builder-column-1{width:100% !important;margin-bottom : 0px;}.fusion-builder-column-1 > .fusion-column-wrapper {padding-right : 60px !important;margin-right : 1.92%;padding-left : 60px !important;margin-left : 1.92%;}}@media only screen and (max-width:640px) {.fusion-body .fusion-builder-column-1{width:100% !important;}.fusion-builder-column-1 > .fusion-column-wrapper {padding-right : 40px !important;margin-right : 1.92%;padding-left : 40px !important;margin-left : 1.92%;}}<\/style><\/div><\/div><style type=\"text\/css\">.fusion-body .fusion-flex-container.fusion-builder-row-2{ padding-top : 3%;margin-top : 0px;padding-right : 0px;padding-bottom : 40px;margin-bottom : 0px;padding-left : 0px;}@media only screen and (max-width:640px) {.fusion-body .fusion-flex-container.fusion-builder-row-2{ padding-bottom : 20px;}}<\/style><\/div><div class=\"fusion-bg-parallax\" data-bg-align=\"center bottom\" data-direction=\"down\" data-mute=\"false\" data-opacity=\"100\" data-velocity=\"-0.3\" data-mobile-enabled=\"false\" data-break_parents=\"0\" data-bg-image=\"https:\/\/www.korkland.it\/start2015\/wp-content\/uploads\/2024\/09\/Korkland-03-123rf.jpg\" data-bg-repeat=\"false\" data-bg-color=\"#3f3f3f\" ><\/div><div class=\"fusion-fullwidth fullwidth-box fusion-builder-row-3 fusion-flex-container fusion-parallax-down nonhundred-percent-fullwidth non-hundred-percent-height-scrolling\" style=\"background-color: #3f3f3f;background-image: url(&quot;https:\/\/www.korkland.it\/start2015\/wp-content\/uploads\/2024\/09\/Korkland-03-123rf.jpg&quot;);background-position: center bottom;background-repeat: no-repeat;border-width: 0px 0px 0px 0px;border-color:#eae9e9;border-style:solid;-webkit-background-size:cover;-moz-background-size:cover;-o-background-size:cover;background-size:cover;\" ><div class=\"fusion-builder-row fusion-row fusion-flex-align-items-center\" style=\"max-width:1216.8px;margin-left: calc(-4% \/ 2 );margin-right: calc(-4% \/ 2 );\"><div class=\"fusion-layout-column fusion_builder_column fusion-builder-column-2 fusion_builder_column_2_3 2_3 fusion-flex-column\"><div class=\"fusion-column-wrapper fusion-flex-justify-content-center fusion-content-layout-column\" style=\"background-position:left top;background-repeat:no-repeat;-webkit-background-size:cover;-moz-background-size:cover;-o-background-size:cover;background-size:cover;padding: 0px 0px 0px 0px;\"><style type=\"text\/css\">@media only screen and (max-width:1024px) {.fusion-title.fusion-title-1{margin-top:0px!important; margin-right:0px!important;margin-bottom:30px!important;margin-left:0px!important;}}@media only screen and (max-width:640px) {.fusion-title.fusion-title-1{margin-top:0px!important; margin-right:0px!important;margin-bottom:30px!important; margin-left:0px!important;}}<\/style><div class=\"fusion-title title fusion-title-1 fusion-sep-none fusion-title-text fusion-title-size-two\" style=\"font-size:34px;margin-top:0px;margin-right:0px;margin-bottom:30px;margin-left:0px;\"><h2 class=\"title-heading-left\" style=\"margin:0;font-size:1em;letter-spacing:2px;color:#ffffff;line-height:1.4em;\">Qualit\u00e4t pur \u2026<\/h2><\/div><div class=\"fusion-separator\" style=\"align-self: flex-start;margin-right:auto;margin-top:0px;margin-bottom:32px;width:100%;max-width:206px;\"><div class=\"fusion-separator-border sep-single sep-solid\" style=\"border-color:#c9841e;border-top-width:2px;\"><\/div><\/div><style type=\"text\/css\">@media only screen and (max-width:1024px) {.fusion-title.fusion-title-2{margin-top:0px!important; margin-right:0px!important;margin-bottom:20px!important;margin-left:0px!important;}}@media only screen and (max-width:640px) {.fusion-title.fusion-title-2{margin-top:0px!important; margin-right:0px!important;margin-bottom:10px!important; margin-left:0px!important;}}<\/style><div class=\"fusion-title title fusion-title-2 fusion-sep-none fusion-title-text fusion-title-size-three\" style=\"margin-top:0px;margin-right:0px;margin-bottom:20px;margin-left:0px;\"><h3 class=\"title-heading-left\" style=\"margin:0;color:#ffffff;\">Unsere Kunden, darunter namhafte Kellereien sch\u00e4tzen die Qualit\u00e4t der Produkte Zuverl\u00e4ssigkeit Kompetenz der Mitarbeiter. Unsere Au\u00dfendienst-Mitarbeiter besuchen Sie gerne, helfen Ihnen bei Ihren Anspr\u00fcchen mit zus\u00e4tzlichen Informationen. Melden Sie sich und \u00fcberzeugen sich.<\/h3><\/div><\/div><style type=\"text\/css\">.fusion-body .fusion-builder-column-2{width:66.666666666667% !important;margin-top : 25px;margin-bottom : 25px;}.fusion-builder-column-2 > .fusion-column-wrapper {padding-top : 0px !important;padding-right : 0px !important;margin-right : 2.88%;padding-bottom : 0px !important;padding-left : 0px !important;margin-left : 2.88%;}@media only screen and (max-width:1024px) {.fusion-body .fusion-builder-column-2{width:60% !important;}.fusion-builder-column-2 > .fusion-column-wrapper {margin-right : 3.2%;margin-left : 3.2%;}}@media only screen and (max-width:640px) {.fusion-body .fusion-builder-column-2{width:100% !important;}.fusion-builder-column-2 > .fusion-column-wrapper {margin-right : 1.92%;margin-left : 1.92%;}}<\/style><\/div><div class=\"fusion-layout-column fusion_builder_column fusion-builder-column-3 fusion_builder_column_1_3 1_3 fusion-flex-column\"><div class=\"fusion-column-wrapper fusion-flex-justify-content-center fusion-content-layout-column\" style=\"background-position:left top;background-repeat:no-repeat;-webkit-background-size:cover;-moz-background-size:cover;-o-background-size:cover;background-size:cover;padding: 0px 0px 0px 0px;\"><div class=\"sm-text-align-left\" style=\"text-align:center;\"><style type=\"text\/css\">.fusion-button.button-1 {border-radius:2px;}<\/style><a class=\"fusion-button button-flat button-xlarge button-default button-1 fusion-button-default-span fusion-button-default-type\" target=\"_self\" href=\"https:\/\/www.korkland.it\/start2015\/kontakt\"><span class=\"fusion-button-text\">KONTAKT<\/span><\/a><\/div><div class=\"fusion-separator fusion-full-width-sep\" style=\"align-self: center;margin-left: auto;margin-right: auto;margin-top:10px;width:100%;\"><\/div><div class=\"fusion-text fusion-text-3 sm-text-align-left\" style=\"text-align:center;color:#ffffff;\"><p>Wir melden uns bei Ihnen!<\/p>\n<\/div><\/div><style type=\"text\/css\">.fusion-body .fusion-builder-column-3{width:33.333333333333% !important;margin-top : 0px;margin-bottom : 0px;}.fusion-builder-column-3 > .fusion-column-wrapper {padding-top : 0px !important;padding-right : 0px !important;margin-right : 5.76%;padding-bottom : 0px !important;padding-left : 0px !important;margin-left : 5.76%;}@media only screen and (max-width:1024px) {.fusion-body .fusion-builder-column-3{width:40% !important;}.fusion-builder-column-3 > .fusion-column-wrapper {margin-right : 4.8%;margin-left : 4.8%;}}@media only screen and (max-width:640px) {.fusion-body .fusion-builder-column-3{width:100% !important;}.fusion-builder-column-3 > .fusion-column-wrapper {margin-right : 1.92%;margin-left : 1.92%;}}<\/style><\/div><\/div><style type=\"text\/css\">.fusion-body .fusion-flex-container.fusion-builder-row-3{ padding-top : 100px;margin-top : 0px;padding-right : 0px;padding-bottom : 90px;margin-bottom : 0px;padding-left : 0px;}@media only screen and (max-width:1024px) {.fusion-body .fusion-flex-container.fusion-builder-row-3{ padding-right : 40px;padding-left : 40px;}}@media only screen and (max-width:640px) {.fusion-body .fusion-flex-container.fusion-builder-row-3{ padding-top : 50px;padding-right : 50px;padding-bottom : 50px;padding-left : 50px;}}<\/style><\/div>\n<\/p>\n","protected":false},"excerpt":{"rendered":"","protected":false},"author":1,"featured_media":0,"parent":0,"menu_order":4,"comment_status":"closed","ping_status":"closed","template":"100-width.php","meta":[],"yoast_head":"<!-- This site is optimized with the Yoast SEO plugin v18.1 - https:\/\/yoast.com\/wordpress\/plugins\/seo\/ -->\n<title>Was ist Kork | KORKLAND<\/title>\n<meta name=\"robots\" content=\"index, follow, max-snippet:-1, max-image-preview:large, max-video-preview:-1\" \/>\n<link rel=\"canonical\" href=\"https:\/\/www.korkland.it\/start2015\/wasistkork\/\" \/>\n<meta property=\"og:locale\" content=\"de_DE\" \/>\n<meta property=\"og:type\" content=\"article\" \/>\n<meta property=\"og:title\" content=\"Was ist Kork | KORKLAND\" \/>\n<meta property=\"og:url\" content=\"https:\/\/www.korkland.it\/start2015\/wasistkork\/\" \/>\n<meta property=\"og:site_name\" content=\"KORKLAND\" \/>\n<meta property=\"article:modified_time\" content=\"2020-12-10T15:44:15+00:00\" \/>\n<meta property=\"og:image\" content=\"http:\/\/www2.korkland.it\/start2015\/wp-content\/uploads\/2017\/08\/kork-n1-300x206.jpg\" \/>\n<meta name=\"twitter:card\" content=\"summary_large_image\" \/>\n<meta name=\"twitter:label1\" content=\"Gesch\u00e4tzte Lesezeit\" \/>\n\t<meta name=\"twitter:data1\" content=\"5\u00a0Minuten\" \/>\n<script type=\"application\/ld+json\" class=\"yoast-schema-graph\">{\"@context\":\"https:\/\/schema.org\",\"@graph\":[{\"@type\":\"Organization\",\"@id\":\"https:\/\/www.korkland.it\/start2015\/#organization\",\"name\":\"KORKLAND\",\"url\":\"https:\/\/www.korkland.it\/start2015\/\",\"sameAs\":[],\"logo\":{\"@type\":\"ImageObject\",\"@id\":\"https:\/\/www.korkland.it\/start2015\/#logo\",\"inLanguage\":\"de\",\"url\":\"https:\/\/www.korkland.it\/start2015\/wp-content\/uploads\/2021\/06\/korkland-logo2021-ok.png\",\"contentUrl\":\"https:\/\/www.korkland.it\/start2015\/wp-content\/uploads\/2021\/06\/korkland-logo2021-ok.png\",\"width\":160,\"height\":120,\"caption\":\"KORKLAND\"},\"image\":{\"@id\":\"https:\/\/www.korkland.it\/start2015\/#logo\"}},{\"@type\":\"WebSite\",\"@id\":\"https:\/\/www.korkland.it\/start2015\/#website\",\"url\":\"https:\/\/www.korkland.it\/start2015\/\",\"name\":\"KORKLAND\",\"description\":\"DER PERFEKTE KORKEN \u2013 IL SUGHERO CHE NON SA DI TAPPO\",\"publisher\":{\"@id\":\"https:\/\/www.korkland.it\/start2015\/#organization\"},\"potentialAction\":[{\"@type\":\"SearchAction\",\"target\":{\"@type\":\"EntryPoint\",\"urlTemplate\":\"https:\/\/www.korkland.it\/start2015\/?s={search_term_string}\"},\"query-input\":\"required name=search_term_string\"}],\"inLanguage\":\"de\"},{\"@type\":\"ImageObject\",\"@id\":\"https:\/\/www.korkland.it\/start2015\/wasistkork\/#primaryimage\",\"inLanguage\":\"de\",\"url\":\"http:\/\/www2.korkland.it\/start2015\/wp-content\/uploads\/2017\/08\/kork-n1-300x206.jpg\",\"contentUrl\":\"http:\/\/www2.korkland.it\/start2015\/wp-content\/uploads\/2017\/08\/kork-n1-300x206.jpg\"},{\"@type\":\"WebPage\",\"@id\":\"https:\/\/www.korkland.it\/start2015\/wasistkork\/#webpage\",\"url\":\"https:\/\/www.korkland.it\/start2015\/wasistkork\/\",\"name\":\"Was ist Kork | KORKLAND\",\"isPartOf\":{\"@id\":\"https:\/\/www.korkland.it\/start2015\/#website\"},\"primaryImageOfPage\":{\"@id\":\"https:\/\/www.korkland.it\/start2015\/wasistkork\/#primaryimage\"},\"datePublished\":\"2020-12-10T13:09:02+00:00\",\"dateModified\":\"2020-12-10T15:44:15+00:00\",\"breadcrumb\":{\"@id\":\"https:\/\/www.korkland.it\/start2015\/wasistkork\/#breadcrumb\"},\"inLanguage\":\"de\",\"potentialAction\":[{\"@type\":\"ReadAction\",\"target\":[\"https:\/\/www.korkland.it\/start2015\/wasistkork\/\"]}]},{\"@type\":\"BreadcrumbList\",\"@id\":\"https:\/\/www.korkland.it\/start2015\/wasistkork\/#breadcrumb\",\"itemListElement\":[{\"@type\":\"ListItem\",\"position\":1,\"name\":\"Startseite\",\"item\":\"https:\/\/www.korkland.it\/start2015\/\"},{\"@type\":\"ListItem\",\"position\":2,\"name\":\"Was ist Kork\"}]}]}<\/script>\n<!-- \/ Yoast SEO plugin. -->","yoast_head_json":{"title":"Was ist Kork | KORKLAND","robots":{"index":"index","follow":"follow","max-snippet":"max-snippet:-1","max-image-preview":"max-image-preview:large","max-video-preview":"max-video-preview:-1"},"canonical":"https:\/\/www.korkland.it\/start2015\/wasistkork\/","og_locale":"de_DE","og_type":"article","og_title":"Was ist Kork | KORKLAND","og_url":"https:\/\/www.korkland.it\/start2015\/wasistkork\/","og_site_name":"KORKLAND","article_modified_time":"2020-12-10T15:44:15+00:00","og_image":[{"url":"http:\/\/www2.korkland.it\/start2015\/wp-content\/uploads\/2017\/08\/kork-n1-300x206.jpg"}],"twitter_card":"summary_large_image","twitter_misc":{"Gesch\u00e4tzte Lesezeit":"5\u00a0Minuten"},"schema":{"@context":"https:\/\/schema.org","@graph":[{"@type":"Organization","@id":"https:\/\/www.korkland.it\/start2015\/#organization","name":"KORKLAND","url":"https:\/\/www.korkland.it\/start2015\/","sameAs":[],"logo":{"@type":"ImageObject","@id":"https:\/\/www.korkland.it\/start2015\/#logo","inLanguage":"de","url":"https:\/\/www.korkland.it\/start2015\/wp-content\/uploads\/2021\/06\/korkland-logo2021-ok.png","contentUrl":"https:\/\/www.korkland.it\/start2015\/wp-content\/uploads\/2021\/06\/korkland-logo2021-ok.png","width":160,"height":120,"caption":"KORKLAND"},"image":{"@id":"https:\/\/www.korkland.it\/start2015\/#logo"}},{"@type":"WebSite","@id":"https:\/\/www.korkland.it\/start2015\/#website","url":"https:\/\/www.korkland.it\/start2015\/","name":"KORKLAND","description":"DER PERFEKTE KORKEN \u2013 IL SUGHERO CHE NON SA DI TAPPO","publisher":{"@id":"https:\/\/www.korkland.it\/start2015\/#organization"},"potentialAction":[{"@type":"SearchAction","target":{"@type":"EntryPoint","urlTemplate":"https:\/\/www.korkland.it\/start2015\/?s={search_term_string}"},"query-input":"required name=search_term_string"}],"inLanguage":"de"},{"@type":"ImageObject","@id":"https:\/\/www.korkland.it\/start2015\/wasistkork\/#primaryimage","inLanguage":"de","url":"http:\/\/www2.korkland.it\/start2015\/wp-content\/uploads\/2017\/08\/kork-n1-300x206.jpg","contentUrl":"http:\/\/www2.korkland.it\/start2015\/wp-content\/uploads\/2017\/08\/kork-n1-300x206.jpg"},{"@type":"WebPage","@id":"https:\/\/www.korkland.it\/start2015\/wasistkork\/#webpage","url":"https:\/\/www.korkland.it\/start2015\/wasistkork\/","name":"Was ist Kork | KORKLAND","isPartOf":{"@id":"https:\/\/www.korkland.it\/start2015\/#website"},"primaryImageOfPage":{"@id":"https:\/\/www.korkland.it\/start2015\/wasistkork\/#primaryimage"},"datePublished":"2020-12-10T13:09:02+00:00","dateModified":"2020-12-10T15:44:15+00:00","breadcrumb":{"@id":"https:\/\/www.korkland.it\/start2015\/wasistkork\/#breadcrumb"},"inLanguage":"de","potentialAction":[{"@type":"ReadAction","target":["https:\/\/www.korkland.it\/start2015\/wasistkork\/"]}]},{"@type":"BreadcrumbList","@id":"https:\/\/www.korkland.it\/start2015\/wasistkork\/#breadcrumb","itemListElement":[{"@type":"ListItem","position":1,"name":"Startseite","item":"https:\/\/www.korkland.it\/start2015\/"},{"@type":"ListItem","position":2,"name":"Was ist Kork"}]}]}},"_links":{"self":[{"href":"https:\/\/www.korkland.it\/start2015\/wp-json\/wp\/v2\/pages\/1279"}],"collection":[{"href":"https:\/\/www.korkland.it\/start2015\/wp-json\/wp\/v2\/pages"}],"about":[{"href":"https:\/\/www.korkland.it\/start2015\/wp-json\/wp\/v2\/types\/page"}],"author":[{"embeddable":true,"href":"https:\/\/www.korkland.it\/start2015\/wp-json\/wp\/v2\/users\/1"}],"replies":[{"embeddable":true,"href":"https:\/\/www.korkland.it\/start2015\/wp-json\/wp\/v2\/comments?post=1279"}],"version-history":[{"count":3,"href":"https:\/\/www.korkland.it\/start2015\/wp-json\/wp\/v2\/pages\/1279\/revisions"}],"predecessor-version":[{"id":1323,"href":"https:\/\/www.korkland.it\/start2015\/wp-json\/wp\/v2\/pages\/1279\/revisions\/1323"}],"wp:attachment":[{"href":"https:\/\/www.korkland.it\/start2015\/wp-json\/wp\/v2\/media?parent=1279"}],"curies":[{"name":"wp","href":"https:\/\/api.w.org\/{rel}","templated":true}]}}