{"id":1364,"date":"2020-12-10T14:09:21","date_gmt":"2020-12-10T13:09:21","guid":{"rendered":"http:\/\/www2.korkland.it\/start2015\/produktion\/"},"modified":"2024-09-21T11:09:44","modified_gmt":"2024-09-21T09:09:44","slug":"produktion","status":"publish","type":"page","link":"https:\/\/www.korkland.it\/start2015\/produktion\/?lang=it","title":{"rendered":"Produzione"},"content":{"rendered":"<p><div class=\"fusion-fullwidth fullwidth-box fusion-builder-row-1 fusion-flex-container mass-responsive-section nonhundred-percent-fullwidth non-hundred-percent-height-scrolling\" style=\"background-color: #478861;background-position: left top;background-repeat: no-repeat;border-width: 0px 0px 0px 0px;border-color:#eae9e9;border-style:solid;\" id=\"section1\" ><div class=\"fusion-builder-row fusion-row fusion-flex-align-items-flex-start\" style=\"max-width:1216.8px;margin-left: calc(-4% \/ 2 );margin-right: calc(-4% \/ 2 );\"><div class=\"fusion-layout-column fusion_builder_column fusion-builder-column-0 fusion_builder_column_1_1 1_1 fusion-flex-column mass-intro\"><div class=\"fusion-column-wrapper fusion-flex-justify-content-flex-start fusion-content-layout-column\" style=\"background-position:left top;background-repeat:no-repeat;-webkit-background-size:cover;-moz-background-size:cover;-o-background-size:cover;background-size:cover;padding: 0px 15% 0px 15%;\"><div class=\"fusion-text fusion-text-1\"><div class=\"entry-header clearfix\">\n<div class=\"entry-title-left\">\n<div class=\"entry-title\">\n<p style=\"text-align: center;\"><span style=\"color: #ffffff;\"><i>Imparare dalla natura: In presenza di ossigeno, le fenolossidasi hanna la capacit\u00e1 di ossidare e di condensare il nucleo aromatico dei fenoli.<\/i><\/span><\/p>\n<\/div>\n<\/div>\n<\/div>\n<\/div><\/div><style type=\"text\/css\">.fusion-body .fusion-builder-column-0{width:100% !important;margin-top : 42px;margin-bottom : 20px;}.fusion-builder-column-0 > .fusion-column-wrapper {padding-top : 0px !important;padding-right : 15% !important;margin-right : 1.92%;padding-bottom : 0px !important;padding-left : 15% !important;margin-left : 1.92%;}@media only screen and (max-width:1024px) {.fusion-body .fusion-builder-column-0{width:100% !important;margin-bottom : 0px;}.fusion-builder-column-0 > .fusion-column-wrapper {padding-right : 60px !important;margin-right : 1.92%;padding-left : 60px !important;margin-left : 1.92%;}}@media only screen and (max-width:640px) {.fusion-body .fusion-builder-column-0{width:100% !important;}.fusion-builder-column-0 > .fusion-column-wrapper {padding-right : 40px !important;margin-right : 1.92%;padding-left : 40px !important;margin-left : 1.92%;}}<\/style><\/div><\/div><style type=\"text\/css\">.fusion-body .fusion-flex-container.fusion-builder-row-1{ padding-top : 3%;margin-top : 0px;padding-right : 0px;padding-bottom : 40px;margin-bottom : 0px;padding-left : 0px;}@media only screen and (max-width:640px) {.fusion-body .fusion-flex-container.fusion-builder-row-1{ padding-bottom : 20px;}}<\/style><\/div><div class=\"fusion-fullwidth fullwidth-box fusion-builder-row-2 fusion-flex-container mass-responsive-section nonhundred-percent-fullwidth non-hundred-percent-height-scrolling\" style=\"background-color: rgba(255,255,255,0);background-position: left top;background-repeat: no-repeat;border-width: 0px 0px 0px 0px;border-color:#eae9e9;border-style:solid;\" id=\"section1\" ><div class=\"fusion-builder-row fusion-row fusion-flex-align-items-flex-start\" style=\"max-width:1216.8px;margin-left: calc(-4% \/ 2 );margin-right: calc(-4% \/ 2 );\"><div class=\"fusion-layout-column fusion_builder_column fusion-builder-column-1 fusion_builder_column_1_1 1_1 fusion-flex-column mass-intro\"><div class=\"fusion-column-wrapper fusion-flex-justify-content-flex-start fusion-content-layout-column\" style=\"background-position:left top;background-repeat:no-repeat;-webkit-background-size:cover;-moz-background-size:cover;-o-background-size:cover;background-size:cover;padding: 0px 15% 0px 15%;\"><div class=\"fusion-text fusion-text-2\"><p>Questo procedimento d\u00e1 luogo alla formazione di tannini (flobafeni) che si integrano nelle strutture cellulari e non presentano pi\u00fa il caratteristico sapore amaro e astringente dei fenoli. Con le polifenolossidasi, la natura ci ha indicato un modo come completare il percorso da lei intrapreso di depositare sostanze non polimerizzate per la protezione delle piante e dunque di portare a termine tale procedura di polimerizzazione.<\/p>\n<p><b>Il trattamento enzimatico elimina il retrogusto di tappo<\/b><\/p>\n<p>I fenoli volatili, presenti per natura nel sughero, si distinguono spesso per un sapore acidulo o amaro e possono conferire al vino un sentore sgradevole. Tali fenoli, ma anche altri tipi di sostanze, si dissolvono nel liquido idroalcolico influendo negativamente sul profilo organolettico del vino. Tale influenza negativa \u00e9 tanto pi\u00fa elevata quanto pi\u00fa alta risulta la concentrazione di fenoli nel sughero e quanto pi\u00fa il vino riesce a pentrare nel tappo. Anche un tappo bagnato \u00e9 una componente del vino, capace di alterarne il gusto e l\u2019odore. La soluzione al problema \u00e9 un trattamento enzimatico che sottopone i tappi in sughero ad una pulizia biotecnologica e che consente di privare il sughero dei fenoli, i maggiori responsabili del sapore di tappo.<\/p>\n<p><a href=\"http:\/\/www2.korkland.it\/start2015\/wp-content\/uploads\/2017\/08\/kork-n2.jpg\"><img class=\"alignnone size-full wp-image-172\" src=\"http:\/\/www2.korkland.it\/start2015\/wp-content\/uploads\/2017\/08\/kork-n2.jpg\" alt=\"\" width=\"1600\" height=\"1100\" srcset=\"https:\/\/www.korkland.it\/start2015\/wp-content\/uploads\/2017\/08\/kork-n2-300x206.jpg 300w, https:\/\/www.korkland.it\/start2015\/wp-content\/uploads\/2017\/08\/kork-n2-768x528.jpg 768w, https:\/\/www.korkland.it\/start2015\/wp-content\/uploads\/2017\/08\/kork-n2-1024x704.jpg 1024w, https:\/\/www.korkland.it\/start2015\/wp-content\/uploads\/2017\/08\/kork-n2.jpg 1600w\" sizes=\"(max-width: 1600px) 100vw, 1600px\" \/><\/a><\/p>\n<p><b>Una chiusura impeccabile senza rischio di difettosit\u00e1<\/b><\/p>\n<p>Il trattamento agli enzimi combina un\u2019estrazione del sughero attraverso un liquido simile al vino con una polimerizzazione dei fenoli volatili \u2013 un procedimento che si verifica in modo analogo anche nella natura. Affinch\u00e9 le fenolossidasi possano agire in modo ottimale, l\u2019estrazione dei fenoli avviene in un bagno d\u2019acqua \u2013 la procedura di lavaggio dura complessivamnete 2 ore e prevede tre cicli diversi.<\/p>\n<p><a href=\"http:\/\/www2.korkland.it\/start2015\/wp-content\/uploads\/2016\/01\/k-bild-3.jpg\"><img class=\"alignnone size-full wp-image-116\" src=\"http:\/\/www2.korkland.it\/start2015\/wp-content\/uploads\/2016\/01\/k-bild-3.jpg\" alt=\"\" width=\"1024\" height=\"148\" srcset=\"https:\/\/www.korkland.it\/start2015\/wp-content\/uploads\/2016\/01\/k-bild-3-300x43.jpg 300w, https:\/\/www.korkland.it\/start2015\/wp-content\/uploads\/2016\/01\/k-bild-3-768x111.jpg 768w, https:\/\/www.korkland.it\/start2015\/wp-content\/uploads\/2016\/01\/k-bild-3.jpg 1024w\" sizes=\"(max-width: 1024px) 100vw, 1024px\" \/><\/a><\/p>\n<p>Il mero lavaggio consente di privare il sughero dalle sostanze dannose che potrebbero alterare il gusto e la qualit\u00e1 del vino. Il trattamento agli enzimi elimina tutte le sostanze nutritive dei fenoli e qualsiasi traccia di polvere e ostacola unulteriore sviluppo, senza per\u00f3 intaccare le caratteristiche fisico-chimiche positive del sughero che lo rendono un materiale particolarmente addatto per la chiusura delle bottiglie di vino. Il risultato: UN TAPPO IN SUGHERO PERFETTAMENTE PULITO CHE NON SA DI TAPPO E CHE NON COMPROMETTE IL SAPORE E LA QUALIT\u00c0 DEI VINI.<\/p>\n<\/div><\/div><style type=\"text\/css\">.fusion-body .fusion-builder-column-1{width:100% !important;margin-top : 42px;margin-bottom : 20px;}.fusion-builder-column-1 > .fusion-column-wrapper {padding-top : 0px !important;padding-right : 15% !important;margin-right : 1.92%;padding-bottom : 0px !important;padding-left : 15% !important;margin-left : 1.92%;}@media only screen and (max-width:1024px) {.fusion-body .fusion-builder-column-1{width:100% !important;margin-bottom : 0px;}.fusion-builder-column-1 > .fusion-column-wrapper {padding-right : 60px !important;margin-right : 1.92%;padding-left : 60px !important;margin-left : 1.92%;}}@media only screen and (max-width:640px) {.fusion-body .fusion-builder-column-1{width:100% !important;}.fusion-builder-column-1 > .fusion-column-wrapper {padding-right : 40px !important;margin-right : 1.92%;padding-left : 40px !important;margin-left : 1.92%;}}<\/style><\/div><\/div><style type=\"text\/css\">.fusion-body .fusion-flex-container.fusion-builder-row-2{ padding-top : 3%;margin-top : 0px;padding-right : 0px;padding-bottom : 40px;margin-bottom : 0px;padding-left : 0px;}@media only screen and (max-width:640px) {.fusion-body .fusion-flex-container.fusion-builder-row-2{ padding-bottom : 20px;}}<\/style><\/div><div class=\"fusion-bg-parallax\" data-bg-align=\"center bottom\" data-direction=\"down\" data-mute=\"false\" data-opacity=\"100\" data-velocity=\"-0.3\" data-mobile-enabled=\"false\" data-break_parents=\"0\" data-bg-image=\"https:\/\/www.korkland.it\/start2015\/wp-content\/uploads\/2024\/09\/Korkland-03-123rf.jpg\" data-bg-repeat=\"false\" data-bg-color=\"#3f3f3f\" ><\/div><div class=\"fusion-fullwidth fullwidth-box fusion-builder-row-3 fusion-flex-container fusion-parallax-down nonhundred-percent-fullwidth non-hundred-percent-height-scrolling\" style=\"background-color: #3f3f3f;background-image: url(&quot;https:\/\/www.korkland.it\/start2015\/wp-content\/uploads\/2024\/09\/Korkland-03-123rf.jpg&quot;);background-position: center bottom;background-repeat: no-repeat;border-width: 0px 0px 0px 0px;border-color:#eae9e9;border-style:solid;-webkit-background-size:cover;-moz-background-size:cover;-o-background-size:cover;background-size:cover;\" ><div class=\"fusion-builder-row fusion-row fusion-flex-align-items-center\" style=\"max-width:1216.8px;margin-left: calc(-4% \/ 2 );margin-right: calc(-4% \/ 2 );\"><div class=\"fusion-layout-column fusion_builder_column fusion-builder-column-2 fusion_builder_column_2_3 2_3 fusion-flex-column\"><div class=\"fusion-column-wrapper fusion-flex-justify-content-center fusion-content-layout-column\" style=\"background-position:left top;background-repeat:no-repeat;-webkit-background-size:cover;-moz-background-size:cover;-o-background-size:cover;background-size:cover;padding: 0px 0px 0px 0px;\"><style type=\"text\/css\">@media only screen and (max-width:1024px) {.fusion-title.fusion-title-1{margin-top:0px!important; margin-right:0px!important;margin-bottom:30px!important;margin-left:0px!important;}}@media only screen and (max-width:640px) {.fusion-title.fusion-title-1{margin-top:0px!important; margin-right:0px!important;margin-bottom:30px!important; margin-left:0px!important;}}<\/style><div class=\"fusion-title title fusion-title-1 fusion-sep-none fusion-title-text fusion-title-size-two\" style=\"font-size:34px;margin-top:0px;margin-right:0px;margin-bottom:30px;margin-left:0px;\"><h2 class=\"title-heading-left\" style=\"margin:0;font-size:1em;letter-spacing:2px;color:#ffffff;line-height:1.4em;\">Qualit\u00e0 puro \u2026<\/h2><\/div><div class=\"fusion-separator\" style=\"align-self: flex-start;margin-right:auto;margin-top:0px;margin-bottom:32px;width:100%;max-width:206px;\"><div class=\"fusion-separator-border sep-single sep-solid\" style=\"border-color:#c9841e;border-top-width:2px;\"><\/div><\/div><style type=\"text\/css\">@media only screen and (max-width:1024px) {.fusion-title.fusion-title-2{margin-top:0px!important; margin-right:0px!important;margin-bottom:20px!important;margin-left:0px!important;}}@media only screen and (max-width:640px) {.fusion-title.fusion-title-2{margin-top:0px!important; margin-right:0px!important;margin-bottom:10px!important; margin-left:0px!important;}}<\/style><div class=\"fusion-title title fusion-title-2 fusion-sep-none fusion-title-text fusion-title-size-three\" style=\"margin-top:0px;margin-right:0px;margin-bottom:20px;margin-left:0px;\"><h3 class=\"title-heading-left\" style=\"margin:0;color:#ffffff;\">I nostri clienti, tra loro note cantine, apprezzano la qualit\u00e1 dei nostri prodotti l\u2019affidabilit\u00e1 competenza dei nostri dipendenti. Se desiderate, i nostri collaboratori visiteranno per fornire informazioni dettagliati.<\/h3><\/div><\/div><style type=\"text\/css\">.fusion-body .fusion-builder-column-2{width:66.666666666667% !important;margin-top : 25px;margin-bottom : 25px;}.fusion-builder-column-2 > .fusion-column-wrapper {padding-top : 0px !important;padding-right : 0px !important;margin-right : 2.88%;padding-bottom : 0px !important;padding-left : 0px !important;margin-left : 2.88%;}@media only screen and (max-width:1024px) {.fusion-body .fusion-builder-column-2{width:60% !important;}.fusion-builder-column-2 > .fusion-column-wrapper {margin-right : 3.2%;margin-left : 3.2%;}}@media only screen and (max-width:640px) {.fusion-body .fusion-builder-column-2{width:100% !important;}.fusion-builder-column-2 > .fusion-column-wrapper {margin-right : 1.92%;margin-left : 1.92%;}}<\/style><\/div><div class=\"fusion-layout-column fusion_builder_column fusion-builder-column-3 fusion_builder_column_1_3 1_3 fusion-flex-column\"><div class=\"fusion-column-wrapper fusion-flex-justify-content-center fusion-content-layout-column\" style=\"background-position:left top;background-repeat:no-repeat;-webkit-background-size:cover;-moz-background-size:cover;-o-background-size:cover;background-size:cover;padding: 0px 0px 0px 0px;\"><div class=\"sm-text-align-left\" style=\"text-align:center;\"><style type=\"text\/css\">.fusion-button.button-1 {border-radius:2px;}<\/style><a class=\"fusion-button button-flat button-xlarge button-default button-1 fusion-button-default-span fusion-button-default-type\" target=\"_self\" href=\"https:\/\/www.korkland.it\/start2015\/kontakt\/?lang=it\"><span class=\"fusion-button-text\">CONTATTO<\/span><\/a><\/div><div class=\"fusion-separator fusion-full-width-sep\" style=\"align-self: center;margin-left: auto;margin-right: auto;margin-top:10px;width:100%;\"><\/div><div class=\"fusion-text fusion-text-3 sm-text-align-left\" style=\"text-align:center;color:#ffffff;\"><p>Vi risponderemo!<\/p>\n<\/div><\/div><style type=\"text\/css\">.fusion-body .fusion-builder-column-3{width:33.333333333333% !important;margin-top : 0px;margin-bottom : 0px;}.fusion-builder-column-3 > .fusion-column-wrapper {padding-top : 0px !important;padding-right : 0px !important;margin-right : 5.76%;padding-bottom : 0px !important;padding-left : 0px !important;margin-left : 5.76%;}@media only screen and (max-width:1024px) {.fusion-body .fusion-builder-column-3{width:40% !important;}.fusion-builder-column-3 > .fusion-column-wrapper {margin-right : 4.8%;margin-left : 4.8%;}}@media only screen and (max-width:640px) {.fusion-body .fusion-builder-column-3{width:100% !important;}.fusion-builder-column-3 > .fusion-column-wrapper {margin-right : 1.92%;margin-left : 1.92%;}}<\/style><\/div><\/div><style type=\"text\/css\">.fusion-body .fusion-flex-container.fusion-builder-row-3{ padding-top : 100px;margin-top : 0px;padding-right : 0px;padding-bottom : 90px;margin-bottom : 0px;padding-left : 0px;}@media only screen and (max-width:1024px) {.fusion-body .fusion-flex-container.fusion-builder-row-3{ padding-right : 40px;padding-left : 40px;}}@media only screen and (max-width:640px) {.fusion-body .fusion-flex-container.fusion-builder-row-3{ padding-top : 50px;padding-right : 50px;padding-bottom : 50px;padding-left : 50px;}}<\/style><\/div>\n<\/p>\n","protected":false},"excerpt":{"rendered":"","protected":false},"author":1,"featured_media":0,"parent":0,"menu_order":4,"comment_status":"closed","ping_status":"closed","template":"100-width.php","meta":[],"yoast_head":"<!-- This site is optimized with the Yoast SEO plugin v18.1 - https:\/\/yoast.com\/wordpress\/plugins\/seo\/ -->\n<title>Produzione | KORKLAND<\/title>\n<meta name=\"robots\" content=\"index, follow, max-snippet:-1, max-image-preview:large, max-video-preview:-1\" \/>\n<link rel=\"canonical\" href=\"https:\/\/www.korkland.it\/start2015\/produktion\/\" \/>\n<meta property=\"og:locale\" content=\"de_DE\" \/>\n<meta property=\"og:type\" content=\"article\" \/>\n<meta property=\"og:title\" content=\"Produzione | KORKLAND\" \/>\n<meta property=\"og:url\" content=\"https:\/\/www.korkland.it\/start2015\/produktion\/?lang=it\" \/>\n<meta property=\"og:site_name\" content=\"KORKLAND\" \/>\n<meta property=\"article:modified_time\" content=\"2024-09-21T09:09:44+00:00\" \/>\n<meta property=\"og:image\" content=\"http:\/\/www2.korkland.it\/start2015\/wp-content\/uploads\/2017\/08\/kork-n2.jpg\" \/>\n<meta name=\"twitter:card\" content=\"summary_large_image\" \/>\n<meta name=\"twitter:label1\" content=\"Gesch\u00e4tzte Lesezeit\" \/>\n\t<meta name=\"twitter:data1\" content=\"6\u00a0Minuten\" \/>\n<script type=\"application\/ld+json\" class=\"yoast-schema-graph\">{\"@context\":\"https:\/\/schema.org\",\"@graph\":[{\"@type\":\"Organization\",\"@id\":\"https:\/\/www.korkland.it\/start2015\/#organization\",\"name\":\"KORKLAND\",\"url\":\"https:\/\/www.korkland.it\/start2015\/\",\"sameAs\":[],\"logo\":{\"@type\":\"ImageObject\",\"@id\":\"https:\/\/www.korkland.it\/start2015\/#logo\",\"inLanguage\":\"de\",\"url\":\"https:\/\/www.korkland.it\/start2015\/wp-content\/uploads\/2021\/06\/korkland-logo2021-ok.png\",\"contentUrl\":\"https:\/\/www.korkland.it\/start2015\/wp-content\/uploads\/2021\/06\/korkland-logo2021-ok.png\",\"width\":160,\"height\":120,\"caption\":\"KORKLAND\"},\"image\":{\"@id\":\"https:\/\/www.korkland.it\/start2015\/#logo\"}},{\"@type\":\"WebSite\",\"@id\":\"https:\/\/www.korkland.it\/start2015\/#website\",\"url\":\"https:\/\/www.korkland.it\/start2015\/\",\"name\":\"KORKLAND\",\"description\":\"DER PERFEKTE KORKEN \u2013 IL SUGHERO CHE NON SA DI TAPPO\",\"publisher\":{\"@id\":\"https:\/\/www.korkland.it\/start2015\/#organization\"},\"potentialAction\":[{\"@type\":\"SearchAction\",\"target\":{\"@type\":\"EntryPoint\",\"urlTemplate\":\"https:\/\/www.korkland.it\/start2015\/?s={search_term_string}\"},\"query-input\":\"required name=search_term_string\"}],\"inLanguage\":\"de\"},{\"@type\":\"ImageObject\",\"@id\":\"https:\/\/www.korkland.it\/start2015\/produktion\/?lang=it#primaryimage\",\"inLanguage\":\"de\",\"url\":\"http:\/\/www2.korkland.it\/start2015\/wp-content\/uploads\/2017\/08\/kork-n2.jpg\",\"contentUrl\":\"http:\/\/www2.korkland.it\/start2015\/wp-content\/uploads\/2017\/08\/kork-n2.jpg\"},{\"@type\":\"WebPage\",\"@id\":\"https:\/\/www.korkland.it\/start2015\/produktion\/?lang=it#webpage\",\"url\":\"https:\/\/www.korkland.it\/start2015\/produktion\/?lang=it\",\"name\":\"Produzione | KORKLAND\",\"isPartOf\":{\"@id\":\"https:\/\/www.korkland.it\/start2015\/#website\"},\"primaryImageOfPage\":{\"@id\":\"https:\/\/www.korkland.it\/start2015\/produktion\/?lang=it#primaryimage\"},\"datePublished\":\"2020-12-10T13:09:21+00:00\",\"dateModified\":\"2024-09-21T09:09:44+00:00\",\"breadcrumb\":{\"@id\":\"https:\/\/www.korkland.it\/start2015\/produktion\/?lang=it#breadcrumb\"},\"inLanguage\":\"de\",\"potentialAction\":[{\"@type\":\"ReadAction\",\"target\":[\"https:\/\/www.korkland.it\/start2015\/produktion\/?lang=it\"]}]},{\"@type\":\"BreadcrumbList\",\"@id\":\"https:\/\/www.korkland.it\/start2015\/produktion\/?lang=it#breadcrumb\",\"itemListElement\":[{\"@type\":\"ListItem\",\"position\":1,\"name\":\"Startseite\",\"item\":\"https:\/\/www.korkland.it\/start2015\/\"},{\"@type\":\"ListItem\",\"position\":2,\"name\":\"Produzione\"}]}]}<\/script>\n<!-- \/ Yoast SEO plugin. -->","yoast_head_json":{"title":"Produzione | KORKLAND","robots":{"index":"index","follow":"follow","max-snippet":"max-snippet:-1","max-image-preview":"max-image-preview:large","max-video-preview":"max-video-preview:-1"},"canonical":"https:\/\/www.korkland.it\/start2015\/produktion\/","og_locale":"de_DE","og_type":"article","og_title":"Produzione | KORKLAND","og_url":"https:\/\/www.korkland.it\/start2015\/produktion\/?lang=it","og_site_name":"KORKLAND","article_modified_time":"2024-09-21T09:09:44+00:00","og_image":[{"url":"http:\/\/www2.korkland.it\/start2015\/wp-content\/uploads\/2017\/08\/kork-n2.jpg"}],"twitter_card":"summary_large_image","twitter_misc":{"Gesch\u00e4tzte Lesezeit":"6\u00a0Minuten"},"schema":{"@context":"https:\/\/schema.org","@graph":[{"@type":"Organization","@id":"https:\/\/www.korkland.it\/start2015\/#organization","name":"KORKLAND","url":"https:\/\/www.korkland.it\/start2015\/","sameAs":[],"logo":{"@type":"ImageObject","@id":"https:\/\/www.korkland.it\/start2015\/#logo","inLanguage":"de","url":"https:\/\/www.korkland.it\/start2015\/wp-content\/uploads\/2021\/06\/korkland-logo2021-ok.png","contentUrl":"https:\/\/www.korkland.it\/start2015\/wp-content\/uploads\/2021\/06\/korkland-logo2021-ok.png","width":160,"height":120,"caption":"KORKLAND"},"image":{"@id":"https:\/\/www.korkland.it\/start2015\/#logo"}},{"@type":"WebSite","@id":"https:\/\/www.korkland.it\/start2015\/#website","url":"https:\/\/www.korkland.it\/start2015\/","name":"KORKLAND","description":"DER PERFEKTE KORKEN \u2013 IL SUGHERO CHE NON SA DI TAPPO","publisher":{"@id":"https:\/\/www.korkland.it\/start2015\/#organization"},"potentialAction":[{"@type":"SearchAction","target":{"@type":"EntryPoint","urlTemplate":"https:\/\/www.korkland.it\/start2015\/?s={search_term_string}"},"query-input":"required name=search_term_string"}],"inLanguage":"de"},{"@type":"ImageObject","@id":"https:\/\/www.korkland.it\/start2015\/produktion\/?lang=it#primaryimage","inLanguage":"de","url":"http:\/\/www2.korkland.it\/start2015\/wp-content\/uploads\/2017\/08\/kork-n2.jpg","contentUrl":"http:\/\/www2.korkland.it\/start2015\/wp-content\/uploads\/2017\/08\/kork-n2.jpg"},{"@type":"WebPage","@id":"https:\/\/www.korkland.it\/start2015\/produktion\/?lang=it#webpage","url":"https:\/\/www.korkland.it\/start2015\/produktion\/?lang=it","name":"Produzione | KORKLAND","isPartOf":{"@id":"https:\/\/www.korkland.it\/start2015\/#website"},"primaryImageOfPage":{"@id":"https:\/\/www.korkland.it\/start2015\/produktion\/?lang=it#primaryimage"},"datePublished":"2020-12-10T13:09:21+00:00","dateModified":"2024-09-21T09:09:44+00:00","breadcrumb":{"@id":"https:\/\/www.korkland.it\/start2015\/produktion\/?lang=it#breadcrumb"},"inLanguage":"de","potentialAction":[{"@type":"ReadAction","target":["https:\/\/www.korkland.it\/start2015\/produktion\/?lang=it"]}]},{"@type":"BreadcrumbList","@id":"https:\/\/www.korkland.it\/start2015\/produktion\/?lang=it#breadcrumb","itemListElement":[{"@type":"ListItem","position":1,"name":"Startseite","item":"https:\/\/www.korkland.it\/start2015\/"},{"@type":"ListItem","position":2,"name":"Produzione"}]}]}},"_links":{"self":[{"href":"https:\/\/www.korkland.it\/start2015\/wp-json\/wp\/v2\/pages\/1364"}],"collection":[{"href":"https:\/\/www.korkland.it\/start2015\/wp-json\/wp\/v2\/pages"}],"about":[{"href":"https:\/\/www.korkland.it\/start2015\/wp-json\/wp\/v2\/types\/page"}],"author":[{"embeddable":true,"href":"https:\/\/www.korkland.it\/start2015\/wp-json\/wp\/v2\/users\/1"}],"replies":[{"embeddable":true,"href":"https:\/\/www.korkland.it\/start2015\/wp-json\/wp\/v2\/comments?post=1364"}],"version-history":[{"count":4,"href":"https:\/\/www.korkland.it\/start2015\/wp-json\/wp\/v2\/pages\/1364\/revisions"}],"predecessor-version":[{"id":1456,"href":"https:\/\/www.korkland.it\/start2015\/wp-json\/wp\/v2\/pages\/1364\/revisions\/1456"}],"wp:attachment":[{"href":"https:\/\/www.korkland.it\/start2015\/wp-json\/wp\/v2\/media?parent=1364"}],"curies":[{"name":"wp","href":"https:\/\/api.w.org\/{rel}","templated":true}]}}